{"id":4019,"date":"2025-10-16T09:09:52","date_gmt":"2025-10-16T09:09:52","guid":{"rendered":"https:\/\/www.reimmann.ch\/aktuelles\/"},"modified":"2026-03-09T14:01:56","modified_gmt":"2026-03-09T13:01:56","slug":"aktuelles","status":"publish","type":"page","link":"https:\/\/www.reimmann.ch\/fr\/aktuelles\/","title":{"rendered":"Aktuelles"},"content":{"rendered":"\n<section class=\"wp-block-reimmann-category-hero category-hero-section alignfull\" style=\"background-image:url(https:\/\/www.reimmann.ch\/wp-content\/uploads\/2025\/11\/Hero-subpages-hell.svg);background-color:transparent\"><div class=\"category-hero-overlay\"><\/div><div class=\"category-hero-content\"><div class=\"category-hero-container\"><div class=\"category-hero-subtitle\">news<\/div><h1 class=\"category-hero-title\"><span class=\"title-word-1\">Actualit\u00e9s<\/span><\/h1><div class=\"category-hero-description\"><p>D\u00e9couvrez les derni\u00e8res actualit\u00e9s et les derniers d\u00e9veloppements concernant Reimmann. Des projets clients passionnants aux nouveaut\u00e9s produits en passant par un aper\u00e7u du quotidien de notre entreprise, vous trouverez ici toutes les actualit\u00e9s.<\/p><\/div><div class=\"category-hero-buttons\"><\/div><\/div><\/div><\/section>\n\n\n\n<div style=\"height:60px\" aria-hidden=\"true\" class=\"wp-block-spacer\"><\/div>\n\n\n","protected":false},"excerpt":{"rendered":"","protected":false},"author":1,"featured_media":0,"parent":0,"menu_order":0,"comment_status":"closed","ping_status":"closed","template":"","meta":{"_acf_changed":false,"_genesis_hide_title":false,"_genesis_hide_breadcrumbs":false,"_genesis_hide_singular_image":false,"_genesis_hide_footer_widgets":false,"_genesis_custom_body_class":"","_genesis_custom_post_class":"","_genesis_layout":"","show_students_submenu":false,"show_business_submenu":false,"footnotes":""},"class_list":{"0":"post-4019","1":"page","2":"type-page","3":"status-publish","5":"entry"},"acf":[],"_links":{"self":[{"href":"https:\/\/www.reimmann.ch\/fr\/wp-json\/wp\/v2\/pages\/4019","targetHints":{"allow":["GET"]}}],"collection":[{"href":"https:\/\/www.reimmann.ch\/fr\/wp-json\/wp\/v2\/pages"}],"about":[{"href":"https:\/\/www.reimmann.ch\/fr\/wp-json\/wp\/v2\/types\/page"}],"author":[{"embeddable":true,"href":"https:\/\/www.reimmann.ch\/fr\/wp-json\/wp\/v2\/users\/1"}],"replies":[{"embeddable":true,"href":"https:\/\/www.reimmann.ch\/fr\/wp-json\/wp\/v2\/comments?post=4019"}],"version-history":[{"count":2,"href":"https:\/\/www.reimmann.ch\/fr\/wp-json\/wp\/v2\/pages\/4019\/revisions"}],"predecessor-version":[{"id":4078,"href":"https:\/\/www.reimmann.ch\/fr\/wp-json\/wp\/v2\/pages\/4019\/revisions\/4078"}],"wp:attachment":[{"href":"https:\/\/www.reimmann.ch\/fr\/wp-json\/wp\/v2\/media?parent=4019"}],"curies":[{"name":"wp","href":"https:\/\/api.w.org\/{rel}","templated":true}]}}