{"id":4236,"date":"2025-11-25T13:34:19","date_gmt":"2025-11-25T12:34:19","guid":{"rendered":"https:\/\/www.reimmann.ch\/impressum\/"},"modified":"2026-03-26T13:16:36","modified_gmt":"2026-03-26T12:16:36","slug":"impressum","status":"publish","type":"page","link":"https:\/\/www.reimmann.ch\/fr\/impressum\/","title":{"rendered":"Mentions l\u00e9gales"},"content":{"rendered":"\n<section class=\"wp-block-reimmann-category-hero category-hero-section alignfull\" style=\"background-image:url(https:\/\/www.reimmann.ch\/wp-content\/uploads\/2025\/11\/Hero-subpages-hell.svg);background-color:transparent\"><div class=\"category-hero-overlay\"><\/div><div class=\"category-hero-content\"><div class=\"category-hero-container\"><div class=\"category-hero-subtitle\">Informations<\/div><h1 class=\"category-hero-title\"><span class=\"title-word-1\">Mentions l\u00e9gales<\/span><\/h1><div class=\"category-hero-description\"><p>Vous trouverez ici toutes les informations l\u00e9gales requises concernant le propri\u00e9taire et l&rsquo;exploitant de ce site web, ainsi que sa conception et sa gestion.<\/p><\/div><div class=\"category-hero-buttons\"><\/div><\/div><\/div><\/section>\n\n\n\n<div style=\"height:60px\" aria-hidden=\"true\" class=\"wp-block-spacer\"><\/div>\n\n\n\n<p class=\"has-text-align-left\"><strong>Propri\u00e9taire et exploitant du site web<\/strong><br><strong>REIMMANN AG<\/strong><br>Machines outils<br>Mettlenbachstrasse 27<br>CH-8617 M\u00f6nchaltorf<br>Tel. <a href=\"tel:+0449494949\" data-type=\"tel\" data-id=\"tel:+0449494949\">+41 (0)44 949 49 49<\/a><br><a href=\"void(0)\">service@reimmann.ch<\/a><br><a href=\"void(0)\">info@reimmann.ch<\/a><\/p>\n\n\n\n<p class=\"has-text-align-left\"><strong>R\u00e9alisation et maintenance<\/strong><br>cloudWEB AG<br>Z\u00fcrcherstrasse 182<br>8406 Winterthur<br>E-Mail\u00a0<a href=\"mailto:info@cloudweb.ch\">info@cloudweb.ch<\/a><br><a href=\"https:\/\/www.cloudweb.ch\/\" target=\"_blank\" rel=\"noreferrer noopener\">cloudweb.ch<\/a><\/p>\n\n\n\n<div style=\"height:40px\" aria-hidden=\"true\" class=\"wp-block-spacer\"><\/div>\n","protected":false},"excerpt":{"rendered":"<p>Propri\u00e9taire et exploitant du site webREIMMANN AGMachines outilsMettlenbachstrasse 27CH-8617 M\u00f6nchaltorfTel. +41 (0)44 949 49 49service@reimmann.chinfo@reimmann.ch R\u00e9alisation et maintenancecloudWEB AGZ\u00fcrcherstrasse 1828406 WinterthurE-Mail\u00a0info@cloudweb.chcloudweb.ch<\/p>\n","protected":false},"author":1,"featured_media":0,"parent":0,"menu_order":0,"comment_status":"closed","ping_status":"closed","template":"","meta":{"_acf_changed":false,"_genesis_hide_title":true,"_genesis_hide_breadcrumbs":true,"_genesis_hide_singular_image":false,"_genesis_hide_footer_widgets":false,"_genesis_custom_body_class":"","_genesis_custom_post_class":"","_genesis_layout":"","show_students_submenu":false,"show_business_submenu":false,"footnotes":""},"class_list":{"0":"post-4236","1":"page","2":"type-page","3":"status-publish","5":"entry"},"acf":[],"_links":{"self":[{"href":"https:\/\/www.reimmann.ch\/fr\/wp-json\/wp\/v2\/pages\/4236","targetHints":{"allow":["GET"]}}],"collection":[{"href":"https:\/\/www.reimmann.ch\/fr\/wp-json\/wp\/v2\/pages"}],"about":[{"href":"https:\/\/www.reimmann.ch\/fr\/wp-json\/wp\/v2\/types\/page"}],"author":[{"embeddable":true,"href":"https:\/\/www.reimmann.ch\/fr\/wp-json\/wp\/v2\/users\/1"}],"replies":[{"embeddable":true,"href":"https:\/\/www.reimmann.ch\/fr\/wp-json\/wp\/v2\/comments?post=4236"}],"version-history":[{"count":2,"href":"https:\/\/www.reimmann.ch\/fr\/wp-json\/wp\/v2\/pages\/4236\/revisions"}],"predecessor-version":[{"id":4239,"href":"https:\/\/www.reimmann.ch\/fr\/wp-json\/wp\/v2\/pages\/4236\/revisions\/4239"}],"wp:attachment":[{"href":"https:\/\/www.reimmann.ch\/fr\/wp-json\/wp\/v2\/media?parent=4236"}],"curies":[{"name":"wp","href":"https:\/\/api.w.org\/{rel}","templated":true}]}}