{"id":4344,"date":"2025-11-25T13:49:10","date_gmt":"2025-11-25T12:49:10","guid":{"rendered":"https:\/\/www.reimmann.ch\/datenschutz\/"},"modified":"2026-04-16T10:21:26","modified_gmt":"2026-04-16T09:21:26","slug":"datenschutz","status":"publish","type":"page","link":"https:\/\/www.reimmann.ch\/fr\/datenschutz\/","title":{"rendered":"Confidentialit\u00e9"},"content":{"rendered":"\n<section class=\"wp-block-reimmann-category-hero category-hero-section alignfull\" style=\"background-image:url(https:\/\/www.reimmann.ch\/wp-content\/uploads\/2025\/11\/Hero-subpages-hell.svg);background-color:transparent\"><div class=\"category-hero-overlay\"><\/div><div class=\"category-hero-content\"><div class=\"category-hero-container\"><div class=\"category-hero-subtitle\">Vos donn\u00e9es. Notre responsabilit\u00e9.<\/div><h1 class=\"category-hero-title\"><span class=\"title-word-1\">Protection des donn\u00e9es<\/span><\/h1><div class=\"category-hero-description\"><p>Nous accordons une grande importance \u00e0 la protection de vos donn\u00e9es personnelles. Sur cette page, vous d\u00e9couvrirez quelles informations nous collectons, comment nous les traitons et quels sont vos droits \u00e0 cet \u00e9gard. <\/p><\/div><div class=\"category-hero-buttons\"><\/div><\/div><\/div><\/section>\n\n\n\n<div style=\"height:60px\" aria-hidden=\"true\" class=\"wp-block-spacer\"><\/div>\n\n\n\n<p class=\"has-text-align-left\">Ce site web utilise Google Analytics, un service d&rsquo;analyse web fourni par Google Inc. (\u00ab Google \u00bb). Google Analytics utilise des \u00ab cookies \u00bb, qui sont des fichiers texte plac\u00e9s sur votre ordinateur et qui permettent d&rsquo;analyser votre utilisation du site web. Les informations g\u00e9n\u00e9r\u00e9es par le cookie concernant votre utilisation de ce site web (y compris votre adresse IP) sont transmises \u00e0 un serveur de Google aux \u00c9tats-Unis et y sont stock\u00e9es.<\/p>\n\n\n\n<p>Google utilisera ces informations pour \u00e9valuer votre utilisation du site web, pour \u00e9tablir des rapports sur les activit\u00e9s du site web \u00e0 l&rsquo;intention des exploitants du site et pour fournir d&rsquo;autres services li\u00e9s \u00e0 l&rsquo;utilisation du site web et d&rsquo;Internet. Google peut \u00e9galement transmettre ces informations \u00e0 des tiers lorsque la loi l&rsquo;exige ou lorsque ces tiers traitent ces donn\u00e9es pour le compte de Google. Google n&rsquo;associera en aucun cas votre adresse IP \u00e0 d&rsquo;autres donn\u00e9es dont il dispose.<\/p>\n\n\n\n<p class=\"has-text-align-left\">Vous pouvez emp\u00eacher l&rsquo;installation des cookies en param\u00e9trant votre navigateur en cons\u00e9quence ; nous attirons toutefois votre attention sur le fait que, dans ce cas, vous ne pourrez peut-\u00eatre pas utiliser pleinement toutes les fonctionnalit\u00e9s de ce site web. En utilisant ce site web, vous acceptez le traitement des donn\u00e9es collect\u00e9es \u00e0 votre sujet par Google de la mani\u00e8re et aux fins d\u00e9crites ci-dessus.<\/p>\n\n\n\n<p><strong>Avis concernant la responsabilit\u00e9<\/strong><\/p>\n\n\n\n<p class=\"has-text-align-left\">Le contenu de ce site web est mis \u00e0 jour avec le plus grand soin. Nous d\u00e9clinons toutefois toute responsabilit\u00e9 quant \u00e0 ce contenu. Sous r\u00e9serve d&rsquo;erreurs d&rsquo;impression, d&rsquo;inexactitudes et de modifications. Le contenu est prot\u00e9g\u00e9 par le droit d&rsquo;auteur. Les exploitants des sites vers lesquels renvoient les liens sont seuls responsables de leur contenu.<\/p>\n\n\n\n<div style=\"height:40px\" aria-hidden=\"true\" class=\"wp-block-spacer\"><\/div>\n","protected":false},"excerpt":{"rendered":"<p>Ce site web utilise Google Analytics, un service d&rsquo;analyse web fourni par Google Inc. (\u00ab Google \u00bb). Google Analytics utilise des \u00ab cookies \u00bb, qui sont des fichiers texte plac\u00e9s sur votre ordinateur et qui permettent d&rsquo;analyser votre utilisation du site web. Les informations g\u00e9n\u00e9r\u00e9es par le cookie concernant votre utilisation de ce site web [&hellip;]<\/p>\n","protected":false},"author":1,"featured_media":0,"parent":0,"menu_order":0,"comment_status":"closed","ping_status":"closed","template":"","meta":{"_acf_changed":false,"_genesis_hide_title":true,"_genesis_hide_breadcrumbs":false,"_genesis_hide_singular_image":false,"_genesis_hide_footer_widgets":false,"_genesis_custom_body_class":"","_genesis_custom_post_class":"","_genesis_layout":"","show_students_submenu":false,"show_business_submenu":false,"footnotes":""},"class_list":{"0":"post-4344","1":"page","2":"type-page","3":"status-publish","5":"entry"},"acf":[],"_links":{"self":[{"href":"https:\/\/www.reimmann.ch\/fr\/wp-json\/wp\/v2\/pages\/4344","targetHints":{"allow":["GET"]}}],"collection":[{"href":"https:\/\/www.reimmann.ch\/fr\/wp-json\/wp\/v2\/pages"}],"about":[{"href":"https:\/\/www.reimmann.ch\/fr\/wp-json\/wp\/v2\/types\/page"}],"author":[{"embeddable":true,"href":"https:\/\/www.reimmann.ch\/fr\/wp-json\/wp\/v2\/users\/1"}],"replies":[{"embeddable":true,"href":"https:\/\/www.reimmann.ch\/fr\/wp-json\/wp\/v2\/comments?post=4344"}],"version-history":[{"count":5,"href":"https:\/\/www.reimmann.ch\/fr\/wp-json\/wp\/v2\/pages\/4344\/revisions"}],"predecessor-version":[{"id":4350,"href":"https:\/\/www.reimmann.ch\/fr\/wp-json\/wp\/v2\/pages\/4344\/revisions\/4350"}],"wp:attachment":[{"href":"https:\/\/www.reimmann.ch\/fr\/wp-json\/wp\/v2\/media?parent=4344"}],"curies":[{"name":"wp","href":"https:\/\/api.w.org\/{rel}","templated":true}]}}